{"id":2,"date":"2023-01-13T14:12:48","date_gmt":"2023-01-13T13:12:48","guid":{"rendered":"https:\/\/shingitaidojo.de\/?page_id=2"},"modified":"2023-01-13T16:07:31","modified_gmt":"2023-01-13T15:07:31","slug":"sample-page","status":"publish","type":"page","link":"https:\/\/shingitaidojo.de\/?page_id=2","title":{"rendered":"Aikido"},"content":{"rendered":"\n<p>Technisch gesehen, beinhaltet Aikido eine Vielzahl von Wurf- und Immobilisierungstechniken. Die Anwendung der Techniken erfolgt, indem man die Kraft des Angreifenden umlenkt oder ins leere laufen l\u00e4sst, so dass dieser das Gleichgewicht verliert und seine Kraft nicht wirksam nutzen kann. Der Einsatz ausschlie\u00dflich physischer Kraft f\u00fchrt demgegen\u00fcber schnell an Grenzen.<\/p>\n\n\n\n<p>Die Prinzipien des Aikido werden durch Vorf\u00fchren und Erl\u00e4uterung vermittelt. Es ist Aufgabe jedes \u00dcbenden, diese Prinzipien in den Bewegungen und in Kooperation mit dem Partner zu verwirklichen.<\/p>\n\n\n\n<p>Die Bewegungen des Aikido sind spontan und situationsbezogen auszuf\u00fchren. Wesentlich ist die Haltung (Shisei), mit der dies geschieht. Aikido beinhaltet die \u00dcbung der Etikette (Reishiki) und der Reinigung (Misogi). Aufmerksamkeit und Wahrnehmung werden ausgebildet. Hierf\u00fcr ist das \u00dcben in der Gruppe sehr wichtig.<\/p>\n\n\n\n<p>Der Zweck des Aikido liegt nicht darin, starke oder aggressive (Wett-)K\u00e4mpfer auszubilden. Dieses einschr\u00e4nkende Ziel in den Vordergrund zu stellen w\u00fcrde eine Verzerrung des \u00dcbens bedeuten und wichtige Aspekte gingen verloren.<br>Im Aikido geht es nicht um die Vermittlung oder Aneignung abstrakter Konzepte sondern um das eigene Empfinden, Handeln und Erleben.<\/p>\n","protected":false},"excerpt":{"rendered":"<p>Technisch gesehen, beinhaltet Aikido eine Vielzahl von Wurf- und Immobilisierungstechniken. Die Anwendung der Techniken erfolgt, indem man die Kraft des Angreifenden umlenkt oder ins leere laufen l\u00e4sst, so dass dieser das Gleichgewicht verliert und seine Kraft nicht wirksam nutzen kann. Der Einsatz ausschlie\u00dflich physischer Kraft f\u00fchrt demgegen\u00fcber schnell an Grenzen. Die Prinzipien des Aikido werden [&hellip;]<\/p>\n","protected":false},"author":1,"featured_media":0,"parent":0,"menu_order":2,"comment_status":"closed","ping_status":"closed","template":"","meta":{"footnotes":""},"class_list":["post-2","page","type-page","status-publish","hentry","post"],"_links":{"self":[{"href":"https:\/\/shingitaidojo.de\/index.php?rest_route=\/wp\/v2\/pages\/2","targetHints":{"allow":["GET"]}}],"collection":[{"href":"https:\/\/shingitaidojo.de\/index.php?rest_route=\/wp\/v2\/pages"}],"about":[{"href":"https:\/\/shingitaidojo.de\/index.php?rest_route=\/wp\/v2\/types\/page"}],"author":[{"embeddable":true,"href":"https:\/\/shingitaidojo.de\/index.php?rest_route=\/wp\/v2\/users\/1"}],"replies":[{"embeddable":true,"href":"https:\/\/shingitaidojo.de\/index.php?rest_route=%2Fwp%2Fv2%2Fcomments&post=2"}],"version-history":[{"count":1,"href":"https:\/\/shingitaidojo.de\/index.php?rest_route=\/wp\/v2\/pages\/2\/revisions"}],"predecessor-version":[{"id":9,"href":"https:\/\/shingitaidojo.de\/index.php?rest_route=\/wp\/v2\/pages\/2\/revisions\/9"}],"wp:attachment":[{"href":"https:\/\/shingitaidojo.de\/index.php?rest_route=%2Fwp%2Fv2%2Fmedia&parent=2"}],"curies":[{"name":"wp","href":"https:\/\/api.w.org\/{rel}","templated":true}]}}