{"id":134,"date":"2023-01-16T11:55:21","date_gmt":"2023-01-16T10:55:21","guid":{"rendered":"https:\/\/shingitaidojo.de\/?page_id=134"},"modified":"2026-03-30T15:48:54","modified_gmt":"2026-03-30T14:48:54","slug":"ueshiba-kisshomaru-der-zweite-doshu","status":"publish","type":"page","link":"https:\/\/shingitaidojo.de\/?page_id=134","title":{"rendered":"Ueshiba Kisshomaru \u2013 der zweite Doshu"},"content":{"rendered":"<div id=\"pl-134\"  class=\"panel-layout\" ><div id=\"pg-134-0\"  class=\"panel-grid panel-no-style\" ><div id=\"pgc-134-0-0\"  class=\"panel-grid-cell panel-grid-cell-empty\" ><\/div><div id=\"pgc-134-0-1\"  class=\"panel-grid-cell\" ><div id=\"panel-134-0-1-0\" class=\"so-panel widget widget_text panel-first-child panel-last-child\" data-index=\"0\" >\t\t\t<div class=\"textwidget\"><p><strong>Ueshiba<\/strong>\u00a0<strong>Kisshomaru<\/strong>\u00a0Sensei wurde am 27.6.1923 als dritter Sohn des Aikidog\u00fcnders Morihei Ueshiba geboren. 1946 erhielt er sein Diplom in Wirtschafts- und Politikwissenschaften von der Waseda Universit\u00e4t. Kisshomaru Ueshiba gr\u00fcndete den Aikikai im Jahr 1948, der heute der gr\u00f6\u00dfte Aikidoverband der Welt ist. Er begann 1956 Aikido zu unterrichten und gab im gleichen Jahr seine erste \u00f6ffentliche Vorf\u00fchrung. 1957 ver\u00f6ffentlichte er sein erstes Buch \u201eAikido\u201c. Im Jahr 1967 wurde er Vorsitzender des Internationalen Aikido F\u00f6deration. Am 14. Juni 1970 wurde Kisshomaru Ueshiba vom Aikikai offiziell als Nachfolger seines Vaters und Aikido-Doshu anerkannt. 1975 wurde er der erste Pr\u00e4sident der neu gegr\u00fcndeten \u201eInternational Aikido Federation\u201c (IAF). Kisshomaru Ueshiba wurde im Jahr 1995 mit der \u201eZui Hosho Medaille\u201c von der japanischen Regierung ausgezeichnet. Er starb am 4.1.1999. Sein Aikido war pr\u00e4gend f\u00fcr die weichen Stilrichtungen innerhalb des Aikikai.<\/p>\n<p><a href=\"http:\/\/www.aikidoinfo.de\/aikido\/index.php?id=30&amp;titel=Kisshomaru%20Ueshiba\" target=\"_blank\" rel=\"noreferrer noopener\">Quelle \u00bb<\/a><\/p>\n<\/div>\n\t\t<\/div><\/div><\/div><\/div>","protected":false},"excerpt":{"rendered":"<p>Ueshiba\u00a0Kisshomaru\u00a0Sensei wurde am 27.6.1923 als dritter Sohn des Aikidog\u00fcnders Morihei Ueshiba geboren. 1946 erhielt er sein Diplom in Wirtschafts- und Politikwissenschaften von der Waseda Universit\u00e4t. Kisshomaru Ueshiba gr\u00fcndete den Aikikai im Jahr 1948, der heute der gr\u00f6\u00dfte Aikidoverband der Welt ist. Er begann 1956 Aikido zu unterrichten und gab im gleichen Jahr seine erste \u00f6ffentliche [&hellip;]<\/p>\n","protected":false},"author":1,"featured_media":0,"parent":2,"menu_order":2,"comment_status":"closed","ping_status":"closed","template":"","meta":{"footnotes":""},"class_list":["post-134","page","type-page","status-publish","hentry","post"],"_links":{"self":[{"href":"https:\/\/shingitaidojo.de\/index.php?rest_route=\/wp\/v2\/pages\/134","targetHints":{"allow":["GET"]}}],"collection":[{"href":"https:\/\/shingitaidojo.de\/index.php?rest_route=\/wp\/v2\/pages"}],"about":[{"href":"https:\/\/shingitaidojo.de\/index.php?rest_route=\/wp\/v2\/types\/page"}],"author":[{"embeddable":true,"href":"https:\/\/shingitaidojo.de\/index.php?rest_route=\/wp\/v2\/users\/1"}],"replies":[{"embeddable":true,"href":"https:\/\/shingitaidojo.de\/index.php?rest_route=%2Fwp%2Fv2%2Fcomments&post=134"}],"version-history":[{"count":2,"href":"https:\/\/shingitaidojo.de\/index.php?rest_route=\/wp\/v2\/pages\/134\/revisions"}],"predecessor-version":[{"id":390,"href":"https:\/\/shingitaidojo.de\/index.php?rest_route=\/wp\/v2\/pages\/134\/revisions\/390"}],"up":[{"embeddable":true,"href":"https:\/\/shingitaidojo.de\/index.php?rest_route=\/wp\/v2\/pages\/2"}],"wp:attachment":[{"href":"https:\/\/shingitaidojo.de\/index.php?rest_route=%2Fwp%2Fv2%2Fmedia&parent=134"}],"curies":[{"name":"wp","href":"https:\/\/api.w.org\/{rel}","templated":true}]}}