{"id":132,"date":"2023-01-16T11:54:10","date_gmt":"2023-01-16T10:54:10","guid":{"rendered":"https:\/\/shingitaidojo.de\/?page_id=132"},"modified":"2026-03-30T15:48:22","modified_gmt":"2026-03-30T14:48:22","slug":"ueshiba-morihei-der-begruender","status":"publish","type":"page","link":"https:\/\/shingitaidojo.de\/?page_id=132","title":{"rendered":"Ueshiba Morihei \u2013 der Begr\u00fcnder"},"content":{"rendered":"<div id=\"pl-132\"  class=\"panel-layout\" ><div id=\"pg-132-0\"  class=\"panel-grid panel-no-style\" ><div id=\"pgc-132-0-0\"  class=\"panel-grid-cell panel-grid-cell-empty\" ><\/div><div id=\"pgc-132-0-1\"  class=\"panel-grid-cell\" ><div id=\"panel-132-0-1-0\" class=\"so-panel widget widget_text panel-first-child panel-last-child\" data-index=\"0\" >\t\t\t<div class=\"textwidget\"><p><strong>Ueshiba<\/strong>\u00a0<strong>Morihei (O Sensei)<\/strong>\u00a0wurde am 14.12.1883 in Tanabe, Japan geboren. Bereits mit 10 Jahren interessierte er sich f\u00fcr \u201eBudo\u201c \u2013 die klassischen japanischen Kampfk\u00fcnste. Er begann zun\u00e4chst verschiedene Formen des Jujutsu zu lernen. Den gr\u00f6\u00dften Einflu\u00df auf das sp\u00e4tere Aikido hatte dabei das \u201eDaito Ryu Jujutsu\u201c von Sokaku Takeda. Parallel dazu lernte er den Umgang mit den verschiedensten Waffen, besonders mit der Lanze und dem Schwert (\u201eKen-Jutsu\u201c). 1910 siedelte Ueshiba auf die Insel Hokkaido um, auf der er sich als Landwirt bet\u00e4tigte. Hier lernte er auch 1915 Sokaku Takeda kennen.<\/p>\n<p>1919 erkrankte Ueshibas Vater, so dass er Hokkaido verlassen musste. Auf dem R\u00fcckweg lernte er den Begr\u00fcnder einer neuen Religion (Omotokyo) kennen \u2013 Wanisaburo Deguchi. 1919 zog er mit seiner Familie nach Ayabe. Dort unterrichtete er Jujutsu und lernte von Wanisaburo Deguchi. 1925 verwendete Ueshiba dann zum ersten mal die Bezeichnung AIKIDO f\u00fcr seine Kampfkunst<\/p>\n<p>1927 zog Ueshiba nach Tokyo. Nachdem hier Aikido viele Sch\u00fcler anzog und immer bekannter wurde, ging Ueshiba w\u00e4hrend des zweiten Weltkrieges nach Iwama, um sich wieder ganz auf \u201eBudo\u201c und Landwirtschaft zu konzentrieren. In den 50er und 60er Jahren \u00fcberlie\u00df es Morihei Ueshiba haupts\u00e4chlich seinen Sch\u00fclern und seinem Sohn Kisshomaru Ueshiba, Aikido in der Welt zu verbreiten.<\/p>\n<p>O-Sensei Morihei Ueshiba starb am 26.4.1969 im Alter von 86 Jahren<\/p>\n<p><a href=\"http:\/\/aikido.de\/biographie.html\" target=\"_blank\" rel=\"noreferrer noopener\">Quelle \u00bb<\/a><\/p>\n<\/div>\n\t\t<\/div><\/div><\/div><\/div>","protected":false},"excerpt":{"rendered":"<p>Ueshiba\u00a0Morihei (O Sensei)\u00a0wurde am 14.12.1883 in Tanabe, Japan geboren. Bereits mit 10 Jahren interessierte er sich f\u00fcr \u201eBudo\u201c \u2013 die klassischen japanischen Kampfk\u00fcnste. Er begann zun\u00e4chst verschiedene Formen des Jujutsu zu lernen. Den gr\u00f6\u00dften Einflu\u00df auf das sp\u00e4tere Aikido hatte dabei das \u201eDaito Ryu Jujutsu\u201c von Sokaku Takeda. Parallel dazu lernte er den Umgang mit [&hellip;]<\/p>\n","protected":false},"author":1,"featured_media":0,"parent":2,"menu_order":1,"comment_status":"closed","ping_status":"closed","template":"","meta":{"footnotes":""},"class_list":["post-132","page","type-page","status-publish","hentry","post"],"_links":{"self":[{"href":"https:\/\/shingitaidojo.de\/index.php?rest_route=\/wp\/v2\/pages\/132","targetHints":{"allow":["GET"]}}],"collection":[{"href":"https:\/\/shingitaidojo.de\/index.php?rest_route=\/wp\/v2\/pages"}],"about":[{"href":"https:\/\/shingitaidojo.de\/index.php?rest_route=\/wp\/v2\/types\/page"}],"author":[{"embeddable":true,"href":"https:\/\/shingitaidojo.de\/index.php?rest_route=\/wp\/v2\/users\/1"}],"replies":[{"embeddable":true,"href":"https:\/\/shingitaidojo.de\/index.php?rest_route=%2Fwp%2Fv2%2Fcomments&post=132"}],"version-history":[{"count":3,"href":"https:\/\/shingitaidojo.de\/index.php?rest_route=\/wp\/v2\/pages\/132\/revisions"}],"predecessor-version":[{"id":389,"href":"https:\/\/shingitaidojo.de\/index.php?rest_route=\/wp\/v2\/pages\/132\/revisions\/389"}],"up":[{"embeddable":true,"href":"https:\/\/shingitaidojo.de\/index.php?rest_route=\/wp\/v2\/pages\/2"}],"wp:attachment":[{"href":"https:\/\/shingitaidojo.de\/index.php?rest_route=%2Fwp%2Fv2%2Fmedia&parent=132"}],"curies":[{"name":"wp","href":"https:\/\/api.w.org\/{rel}","templated":true}]}}