{"id":127,"date":"2023-01-16T11:45:21","date_gmt":"2023-01-16T10:45:21","guid":{"rendered":"https:\/\/shingitaidojo.de\/?page_id=127"},"modified":"2026-04-08T17:53:44","modified_gmt":"2026-04-08T16:53:44","slug":"unterlagen","status":"publish","type":"page","link":"https:\/\/shingitaidojo.de\/?page_id=127","title":{"rendered":"Unterlagen"},"content":{"rendered":"<div id=\"pl-127\"  class=\"panel-layout\" ><div id=\"pg-127-0\"  class=\"panel-grid panel-no-style\" ><div id=\"pgc-127-0-0\"  class=\"panel-grid-cell panel-grid-cell-empty\" ><\/div><div id=\"pgc-127-0-1\"  class=\"panel-grid-cell\" ><div id=\"panel-127-0-1-0\" class=\"so-panel widget widget_text panel-first-child panel-last-child\" data-index=\"0\" >\t\t\t<div class=\"textwidget\"><p><a href=\"https:\/\/shingitaidojo.de\/wp-content\/uploads\/2024\/11\/Pruefungsprogramm-Shingitai-Dojo_18.11.2024_V2.pdf\" target=\"_blank\" rel=\"noopener\">Pr\u00fcfungsprogramm Erwachsene<\/a><\/p>\n<p><a href=\"https:\/\/shingitaidojo.de\/wp-content\/uploads\/2023\/01\/Pruefungsprogramm_KYU_Kinder_und_Jugend_20201004.pdf\" target=\"_blank\" rel=\"noopener\">Pr\u00fcfungsprogramm Kinder und Jugend<\/a><\/p>\n<p><a href=\"http:\/\/www.aikikai.or.jp\/eng\/information\/review.html\" target=\"_blank\" rel=\"noopener\">Pr\u00fcfungsprogramm AIKIKAI Hombu<\/a><\/p>\n<p><a href=\"https:\/\/shingitaidojo.de\/wp-content\/uploads\/2023\/01\/Schwertbezeichnungen.pdf\" target=\"_blank\" rel=\"noopener\">Bezeichnungen: Schwert Teile<\/a><\/p>\n<p><a href=\"https:\/\/shingitaidojo.de\/wp-content\/uploads\/2023\/01\/obi.pdf\" target=\"_blank\" rel=\"noopener\">Obi- Gurtbinden<\/a><\/p>\n<p><a href=\"https:\/\/shingitaidojo.de\/wp-content\/uploads\/2023\/01\/Gi_Hakama-Falten.pdf\" target=\"_blank\" rel=\"noopener\">Gi und Hakama falten<\/a><\/p>\n<p><a href=\"https:\/\/www.tg-hoechst.de\/mitglied-werden\" target=\"_blank\" rel=\"noopener\">Turngemeinde Aufnahmeantrag<\/a><\/p>\n<\/div>\n\t\t<\/div><\/div><\/div><\/div>","protected":false},"excerpt":{"rendered":"<p>Pr\u00fcfungsprogramm Erwachsene Pr\u00fcfungsprogramm Kinder und Jugend Pr\u00fcfungsprogramm AIKIKAI Hombu Bezeichnungen: Schwert Teile Obi- Gurtbinden Gi und Hakama falten Turngemeinde Aufnahmeantrag<\/p>\n","protected":false},"author":1,"featured_media":0,"parent":4,"menu_order":8,"comment_status":"closed","ping_status":"closed","template":"","meta":{"footnotes":""},"class_list":["post-127","page","type-page","status-publish","hentry","post"],"_links":{"self":[{"href":"https:\/\/shingitaidojo.de\/index.php?rest_route=\/wp\/v2\/pages\/127","targetHints":{"allow":["GET"]}}],"collection":[{"href":"https:\/\/shingitaidojo.de\/index.php?rest_route=\/wp\/v2\/pages"}],"about":[{"href":"https:\/\/shingitaidojo.de\/index.php?rest_route=\/wp\/v2\/types\/page"}],"author":[{"embeddable":true,"href":"https:\/\/shingitaidojo.de\/index.php?rest_route=\/wp\/v2\/users\/1"}],"replies":[{"embeddable":true,"href":"https:\/\/shingitaidojo.de\/index.php?rest_route=%2Fwp%2Fv2%2Fcomments&post=127"}],"version-history":[{"count":9,"href":"https:\/\/shingitaidojo.de\/index.php?rest_route=\/wp\/v2\/pages\/127\/revisions"}],"predecessor-version":[{"id":421,"href":"https:\/\/shingitaidojo.de\/index.php?rest_route=\/wp\/v2\/pages\/127\/revisions\/421"}],"up":[{"embeddable":true,"href":"https:\/\/shingitaidojo.de\/index.php?rest_route=\/wp\/v2\/pages\/4"}],"wp:attachment":[{"href":"https:\/\/shingitaidojo.de\/index.php?rest_route=%2Fwp%2Fv2%2Fmedia&parent=127"}],"curies":[{"name":"wp","href":"https:\/\/api.w.org\/{rel}","templated":true}]}}