{"id":125,"date":"2023-01-16T11:40:01","date_gmt":"2023-01-16T10:40:01","guid":{"rendered":"https:\/\/shingitaidojo.de\/?page_id=125"},"modified":"2026-03-30T15:46:59","modified_gmt":"2026-03-30T14:46:59","slug":"pruefung","status":"publish","type":"page","link":"https:\/\/shingitaidojo.de\/?page_id=125","title":{"rendered":"Pr\u00fcfung"},"content":{"rendered":"<div id=\"pl-125\"  class=\"panel-layout\" ><div id=\"pg-125-0\"  class=\"panel-grid panel-no-style\" ><div id=\"pgc-125-0-0\"  class=\"panel-grid-cell panel-grid-cell-empty\" ><\/div><div id=\"pgc-125-0-1\"  class=\"panel-grid-cell\" ><div id=\"panel-125-0-1-0\" class=\"so-panel widget widget_text panel-first-child panel-last-child\" data-index=\"0\" >\t\t\t<div class=\"textwidget\"><p><a href=\"https:\/\/shingitaidojo.de\/wp-content\/uploads\/2024\/11\/Pruefungsprogramm-Shingitai-Dojo_18.11.2024_V2.pdf\">Kyu Pr\u00fcfungsprogramm (Erwachsene)<\/a><\/p>\n<p><a href=\"https:\/\/shingitaidojo.de\/wp-content\/uploads\/2023\/01\/Pruefungsprogramm_KYU_Kinder_und_Jugend_20201004.pdf\" target=\"_blank\" rel=\"noopener\">Kyu Pr\u00fcfungsprogramm (Kinder und Jugend)<\/a><\/p>\n<p>&nbsp;<\/p>\n<p><b>Pr\u00fcfungstermine<\/b><\/p>\n<p>Der n\u00e4chste Termin f\u00fcr die Erwachsenen wird noch bekanntgegeben.<\/p>\n<p>Der n\u00e4chste Termin f\u00fcr die Kinder wird noch bekanntgegeben.<\/p>\n<p>&nbsp;<\/p>\n<\/div>\n\t\t<\/div><\/div><\/div><\/div>","protected":false},"excerpt":{"rendered":"<p>Kyu Pr\u00fcfungsprogramm (Erwachsene) Kyu Pr\u00fcfungsprogramm (Kinder und Jugend) &nbsp; Pr\u00fcfungstermine Der n\u00e4chste Termin f\u00fcr die Erwachsenen wird noch bekanntgegeben. Der n\u00e4chste Termin f\u00fcr die Kinder wird noch bekanntgegeben. &nbsp;<\/p>\n","protected":false},"author":1,"featured_media":0,"parent":4,"menu_order":7,"comment_status":"closed","ping_status":"closed","template":"","meta":{"footnotes":""},"class_list":["post-125","page","type-page","status-publish","hentry","post"],"_links":{"self":[{"href":"https:\/\/shingitaidojo.de\/index.php?rest_route=\/wp\/v2\/pages\/125","targetHints":{"allow":["GET"]}}],"collection":[{"href":"https:\/\/shingitaidojo.de\/index.php?rest_route=\/wp\/v2\/pages"}],"about":[{"href":"https:\/\/shingitaidojo.de\/index.php?rest_route=\/wp\/v2\/types\/page"}],"author":[{"embeddable":true,"href":"https:\/\/shingitaidojo.de\/index.php?rest_route=\/wp\/v2\/users\/1"}],"replies":[{"embeddable":true,"href":"https:\/\/shingitaidojo.de\/index.php?rest_route=%2Fwp%2Fv2%2Fcomments&post=125"}],"version-history":[{"count":6,"href":"https:\/\/shingitaidojo.de\/index.php?rest_route=\/wp\/v2\/pages\/125\/revisions"}],"predecessor-version":[{"id":386,"href":"https:\/\/shingitaidojo.de\/index.php?rest_route=\/wp\/v2\/pages\/125\/revisions\/386"}],"up":[{"embeddable":true,"href":"https:\/\/shingitaidojo.de\/index.php?rest_route=\/wp\/v2\/pages\/4"}],"wp:attachment":[{"href":"https:\/\/shingitaidojo.de\/index.php?rest_route=%2Fwp%2Fv2%2Fmedia&parent=125"}],"curies":[{"name":"wp","href":"https:\/\/api.w.org\/{rel}","templated":true}]}}