{"id":121,"date":"2023-01-16T11:32:52","date_gmt":"2023-01-16T10:32:52","guid":{"rendered":"https:\/\/shingitaidojo.de\/?page_id=121"},"modified":"2026-03-30T15:45:31","modified_gmt":"2026-03-30T14:45:31","slug":"dojo-etikette","status":"publish","type":"page","link":"https:\/\/shingitaidojo.de\/?page_id=121","title":{"rendered":"Dojo Etikette"},"content":{"rendered":"<div id=\"pl-121\"  class=\"panel-layout\" ><div id=\"pg-121-0\"  class=\"panel-grid panel-no-style\" ><div id=\"pgc-121-0-0\"  class=\"panel-grid-cell panel-grid-cell-empty\" ><\/div><div id=\"pgc-121-0-1\"  class=\"panel-grid-cell\" ><div id=\"panel-121-0-1-0\" class=\"so-panel widget widget_text panel-first-child panel-last-child\" data-index=\"0\" >\t\t\t<div class=\"textwidget\"><h4>GEISTESHALTUNG F\u00dcR DAS TRAINING<\/h4>\n<ul>\n<li>Im Aikido kann ein Schlag \u00fcber Leben und Tod entscheiden.<\/li>\n<li>W\u00e4hrend des Trainings m\u00fcssen die Anweisungen des Kursleiters befolgt werden.<\/li>\n<li>Das Training darf nicht in ein absurdes Kr\u00e4ftemessen ausarten.<\/li>\n<li>\u00dcber den Weg des Aikido kann man mittels des Einen \u201ader zehntausend Seinsarten\u2018 erreichen.<\/li>\n<li>Selbst mit einem einzigen Gegner darf man seine Aufmerksamkeit nicht nur auf das richten, was vor einem passiert; man muss beim Training nach vier, ja nach acht Richtunegen hin wachsam sein.<\/li>\n<li>Man muss mit Freude trainieren.<\/li>\n<li>Das Unterricht des Trainingsleiters stellt nur ein Fragment des Aikido dar.<\/li>\n<li>Wenn man durch die t\u00e4gliche und st\u00e4ndige Suche und das Arbeiten an sich selbst zur Erkenntnis durch den K\u00f6rper gelangt ist, dann ist einem der wirklich Gebrauch der Wunder des Aikido erlaubt.<\/li>\n<li>Die T\u00e4gliche \u00dcbung beginnt mit dem Tai No Henka, danach wird die Trainingsintensit\u00e4t gesteigert, ohne dass die eingenen Grenzen \u00fcberschritten werden, wodurch es \u00e4lteren Personen m\u00f6glich ist, mit freude und ohne Veletzungsgefahr zu arbeiten und so das Trainingsziel zu erreichen.<\/li>\n<li>Aikido ist eine Suche mit dem Ziel, durch \u00dcbung des K\u00f6rpers und des Geistes einen Menschen mit rechtem Herzen zu formen.Alle Techniken sind ausnahmslos geheim und d\u00fcrfen nicht auf verantwortungslose Weise Nichttrainierenden gezeigt werden.<\/li>\n<li>Man muss es vermeiden, sie jenen zu zeigen, die schlechten Gebrauch davon machen w\u00fcrden.<\/li>\n<li>Beim Betreten und Verlassen des \u00dcbungsraumes (Dojo), sowie beim Betreten und Verlassen der Matte (Tatami) soll man sich in Richtung der Kamiza verbeugen.<\/li>\n<li>Von der Garderobe bis zur Matte (Tatami) soll man Hausschuhe (oder wenn man diese vergessen hat, Socken) tragen, jedoch nicht auf der Tatami.<\/li>\n<li>Man soll p\u00fcnktlich zum Training erscheinen.<\/li>\n<li>Wenn man jedoch einmal zu sp\u00e4t kommt, soll man sich am Mattenrand im Seiza sitzen und nach einer kurzen Medidation entweder selbst aufw\u00e4rmen oder auf ein Zeichen des Trainers (als Einladung zur Teilnahme am Training) warten.<\/li>\n<li>W\u00e4hrend des Trainings sollte man die Matte nicht verlassen, sollte es dennoch zwingende Gr\u00fcnde daf\u00fcr geben (z.B. WC aufsuchen, \u00dcbelkeit\u2026), soll dies dem Trainer (oder wenn dies, z.B. bei gro\u00dfen Lehrg\u00e4ngen nicht m\u00f6glich ist zumindest einen anderen Trainierenden) mitgeteilt werden.<\/li>\n<li>Man soll niemals mit dem R\u00fccken zur Kamiza sitzen (dies gilt auch z.B. beim Zusammenlegen des Hakama).<\/li>\n<li>W\u00e4hrend des Trainings soll das Reden auf ein Minimum reduziert werden. Wenn n\u00f6tig sollte nur \u00fcber die gerade ausgef\u00fchrte Technik gesprochen werden.<\/li>\n<li>Die Anweisungen des Trainers sollten rasch und sorgf\u00e4ltig ausgef\u00fchrt werden.<\/li>\n<li>Der Kimono sollte immer sauber und hygienisch sein, die Waffen sollten immer mit ins Training genommen werden.<\/li>\n<li>Kein wechseln der Kleidung auf der Matte.<\/li>\n<li>Finger- und Zehenn\u00e4gel sollen wegen der Verletzungsgefahr kurz geschnitten sein.<\/li>\n<li>Aus demselben Grund darf kein Schmuck, Uhren oder Ringe w\u00e4hrend des Trainings getragen werden.<\/li>\n<li>Das Dojo ist kein Speisesaal: Auf der Matte ist Essen oder Trinken (dies gilt auch f\u00fcr Kaugummis) nicht erlaubt.<\/li>\n<li>Man sollte immer daran denken, dass sein Partner auch ein Mensch ist und daher r\u00fccksichtsvoll mit Ihm umgehen.<\/li>\n<\/ul>\n<\/div>\n\t\t<\/div><\/div><\/div><\/div>","protected":false},"excerpt":{"rendered":"<p>GEISTESHALTUNG F\u00dcR DAS TRAINING Im Aikido kann ein Schlag \u00fcber Leben und Tod entscheiden. W\u00e4hrend des Trainings m\u00fcssen die Anweisungen des Kursleiters befolgt werden. Das Training darf nicht in ein absurdes Kr\u00e4ftemessen ausarten. \u00dcber den Weg des Aikido kann man mittels des Einen \u201ader zehntausend Seinsarten\u2018 erreichen. Selbst mit einem einzigen Gegner darf man seine [&hellip;]<\/p>\n","protected":false},"author":1,"featured_media":0,"parent":4,"menu_order":5,"comment_status":"closed","ping_status":"closed","template":"","meta":{"footnotes":""},"class_list":["post-121","page","type-page","status-publish","hentry","post"],"_links":{"self":[{"href":"https:\/\/shingitaidojo.de\/index.php?rest_route=\/wp\/v2\/pages\/121","targetHints":{"allow":["GET"]}}],"collection":[{"href":"https:\/\/shingitaidojo.de\/index.php?rest_route=\/wp\/v2\/pages"}],"about":[{"href":"https:\/\/shingitaidojo.de\/index.php?rest_route=\/wp\/v2\/types\/page"}],"author":[{"embeddable":true,"href":"https:\/\/shingitaidojo.de\/index.php?rest_route=\/wp\/v2\/users\/1"}],"replies":[{"embeddable":true,"href":"https:\/\/shingitaidojo.de\/index.php?rest_route=%2Fwp%2Fv2%2Fcomments&post=121"}],"version-history":[{"count":3,"href":"https:\/\/shingitaidojo.de\/index.php?rest_route=\/wp\/v2\/pages\/121\/revisions"}],"predecessor-version":[{"id":383,"href":"https:\/\/shingitaidojo.de\/index.php?rest_route=\/wp\/v2\/pages\/121\/revisions\/383"}],"up":[{"embeddable":true,"href":"https:\/\/shingitaidojo.de\/index.php?rest_route=\/wp\/v2\/pages\/4"}],"wp:attachment":[{"href":"https:\/\/shingitaidojo.de\/index.php?rest_route=%2Fwp%2Fv2%2Fmedia&parent=121"}],"curies":[{"name":"wp","href":"https:\/\/api.w.org\/{rel}","templated":true}]}}