{"id":116,"date":"2023-01-16T11:27:43","date_gmt":"2023-01-16T10:27:43","guid":{"rendered":"https:\/\/shingitaidojo.de\/?page_id=116"},"modified":"2026-03-31T19:44:05","modified_gmt":"2026-03-31T18:44:05","slug":"zenon-kokowski","status":"publish","type":"page","link":"https:\/\/shingitaidojo.de\/?page_id=116","title":{"rendered":"Zenon Kokowski"},"content":{"rendered":"<div id=\"pl-116\"  class=\"panel-layout\" ><div id=\"pg-116-0\"  class=\"panel-grid panel-no-style\" ><div id=\"pgc-116-0-0\"  class=\"panel-grid-cell panel-grid-cell-empty\" ><\/div><div id=\"pgc-116-0-1\"  class=\"panel-grid-cell\" ><div id=\"panel-116-0-1-0\" class=\"so-panel widget widget_text panel-first-child panel-last-child\" data-index=\"0\" >\t\t\t<div class=\"textwidget\"><p>&nbsp;<\/p>\n<p>&nbsp;<\/p>\n<p><center><\/p>\n<p style=\"font-weight: 400;\"><strong>\u201eAu wa wakare no hajime\u201c<\/strong><\/p>\n<p style=\"font-weight: 400;\"><strong>\u4f1a\u3046\u306f\u5225\u308c\u306e\u59cb\u3081<\/strong><\/p>\n<p style=\"font-weight: 400;\"><strong>\u201eMit dem Treffen beginnt der Abschied\u201c.<\/strong><\/p>\n<p><\/center><br \/>\n&nbsp;<\/p>\n<div style=\"border: 2px solid black; padding: 10px;\"><center><img loading=\"lazy\" decoding=\"async\" class=\"alignnone size-full wp-image-349\" src=\"https:\/\/shingitaidojo.de\/wp-content\/uploads\/2026\/02\/Zenon-1.jpeg\" alt=\"\" width=\"200\" height=\"200\" srcset=\"https:\/\/shingitaidojo.de\/wp-content\/uploads\/2026\/02\/Zenon-1.jpeg 225w, https:\/\/shingitaidojo.de\/wp-content\/uploads\/2026\/02\/Zenon-1-150x150.jpeg 150w\" sizes=\"auto, (max-width: 200px) 100vw, 200px\" \/><\/center><br \/>\n<center><\/p>\n<p style=\"font-weight: 400;\"><strong><span style=\"font-size: 150%;\">\u201eWir wollen stark sein, wir sind es aber nicht \u2013 die Natur ist viel st\u00e4rker\u201c<\/span><\/strong><\/p>\n<p style=\"font-weight: 400;\"><em>Zenon Kokowski, Aikido Journal No 60DE<\/em><\/p>\n<p style=\"font-weight: 400;\"><strong> <\/strong><\/p>\n<p style=\"font-weight: 400;\"><strong><span style=\"font-size: 150%;\">Am Abend des 19. Februar 2026 hat unser Sensei, Zenon Kokowski, seinen Kampf gegen seine schwere Krankheit verloren.<\/span><\/strong><\/p>\n<p style=\"font-weight: 400;\"><strong> <\/strong><\/p>\n<p style=\"font-weight: 400;\"><strong><span style=\"font-size: 150%;\">Er wird uns sehr fehlen.<\/span><\/strong><\/p>\n<p><\/center><br \/>\n&nbsp;<\/p>\n<p><strong>Zenon Kokowski<\/strong> (6. Dan Aikido \u2013 AIKIKAI, 5. Dan Iaido \u2013 ZNKR Tokyo) \u2013 geboren am 15.10.1959 in Greifenberg (Gryfice, PL) &#8211; gestorben am 19.02.2026 in Frankfurt am Main; verheiratet, 2 Kinder.<\/p>\n<p>Zenon begann sein Training des Aikido 1979 in Stettin bei M. Osinski; Gr\u00fcnder des Aikido Polen. Er orientierte sich zun\u00e4chst an <a href=\"http:\/\/en.wikipedia.org\/wiki\/Toshikazu_Ichimura\" target=\"_blank\" rel=\"noreferrer noopener\">Toshikazu Ichimura Sensei<\/a> (Aikido 6. Dan, Iaido 6. Dan); lernte von ihm Aikido und Buki-Waza (Waffentraining). Immer wieder besuchte er das Waffentraining von <a href=\"http:\/\/en.wikipedia.org\/wiki\/Morihiro_Saito\" target=\"_blank\" rel=\"noreferrer noopener\">Saito Sensei<\/a>\u00a0und\u00a0<a href=\"http:\/\/en.wikipedia.org\/wiki\/Shoji_Nishio\" target=\"_blank\" rel=\"noreferrer noopener\">Nishio Sensei<\/a>. Seit 1986 orientierte er sich intensiv an <a href=\"http:\/\/en.wikipedia.org\/wiki\/Nobuyoshi_Tamura\" target=\"_blank\" rel=\"noreferrer noopener\">Tamura Sensei<\/a>.<\/p>\n<p>Ebenso \u00fcbte sich Zenon Kokowski viele Jahre im <a href=\"http:\/\/en.wikipedia.org\/wiki\/Mus%C5%8D_Shinden-ry%C5%AB\" target=\"_blank\" rel=\"noreferrer noopener\">Muso Shinden Ryu<\/a>\u00a0<a href=\"http:\/\/en.wikipedia.org\/wiki\/Iaid%C5%8D\" target=\"_blank\" rel=\"noreferrer noopener\">Iaido<\/a>.<\/p>\n<p>Inspiriert durch Ichimura Sensei, begann er 1986 in Polen Iaido auszu\u00fcben. Bis zu seinem Tod \u00fcbte Zenon regelm\u00e4\u00dfig unter S. Ordensky, 7. Dan Iaido Renshi.<\/p>\n<p>Mehr Information \u00fcber seine Lehrer findet man auf der Shingitai Dojo\u00a0<a href=\"http:\/\/www.iaido-shingitai.de\/\" target=\"_blank\" rel=\"noreferrer noopener\">Iaido Webseite<\/a>.<\/p>\n<p>Zenon unterrichtete in der Turngemeinde H\u00f6chst \u2013 Shingitai Dojo.<\/p>\n<h4>AIKIDO Graduierungen<\/h4>\n<p><strong>Rokkudan<\/strong>\u00a0(6. Dan) 2015 von\u00a0<a href=\"http:\/\/en.wikipedia.org\/wiki\/Yoshimitsu_Yamada\" target=\"_blank\" rel=\"noreferrer noopener\">Yoshimitsu Yamada<\/a>\u00a0Shihan<\/p>\n<p><strong>Godan<\/strong>\u00a0(5. Dan) 2009 von\u00a0<a href=\"http:\/\/en.wikipedia.org\/wiki\/Nobuyoshi_Tamura\" target=\"_blank\" rel=\"noreferrer noopener\">Nobuyoshi Tamura<\/a>\u00a0Shihan<\/p>\n<p><strong>Yondan<\/strong>\u00a0(4. Dan) 1996 von\u00a0<a href=\"http:\/\/en.wikipedia.org\/wiki\/Nobuyoshi_Tamura\" target=\"_blank\" rel=\"noreferrer noopener\">Nobuyoshi Tamura<\/a>\u00a0Shihan<\/p>\n<p><strong>Sandan<\/strong>\u00a0(3. Dan) 1992 von\u00a0<a href=\"http:\/\/en.wikipedia.org\/wiki\/Nobuyoshi_Tamura\" target=\"_blank\" rel=\"noreferrer noopener\">Nobuyoshi Tamura<\/a>\u00a0Shihan<\/p>\n<p><strong>Nidan<\/strong>\u00a0(2. Dan) 1989 von\u00a0<a href=\"http:\/\/en.wikipedia.org\/wiki\/Nobuyoshi_Tamura\" target=\"_blank\" rel=\"noreferrer noopener\">Nobuyoshi Tamura<\/a>\u00a0Shihan<\/p>\n<p><strong>Shodan<\/strong>\u00a0(1. Dan) 1987 von\u00a0<a href=\"http:\/\/en.wikipedia.org\/wiki\/Shoji_Nishio\" target=\"_blank\" rel=\"noreferrer noopener\">Shoji Nishio<\/a>\u00a0Shihan<\/p>\n<h4>IAIDO Graduierungen<\/h4>\n<p><strong>Godan<\/strong>\u00a0(5. Dan) III-2004 in Tokyo, bei ZNKR (japanischer Iaido und Kendoverband)<br \/>\n\u2013 unter Vorbereitung von Meister Sagawa und Meister Soejima.<\/p>\n<p><strong>Yondan<\/strong>\u00a0(4. Dan) IX-1998 in Tokyo, bei ZNKR (japanischer Iaido und Kendoverband)<br \/>\n\u2013 unter Vorbereitung von Meister Sagawa und Meister Soejima.<\/p>\n<p><strong>Sandan<\/strong>\u00a0(3. Dan) VIII-1995<\/p>\n<p><strong>Nidan<\/strong>\u00a0(2. Dan) VII-1994<\/p>\n<p><strong>Shodan<\/strong>\u00a0(1. Dan) VI-1993<\/p>\n<\/div>\n\t\t<\/div><\/div><\/div><\/div>","protected":false},"excerpt":{"rendered":"<p>&nbsp; &nbsp; \u201eAu wa wakare no hajime\u201c \u4f1a\u3046\u306f\u5225\u308c\u306e\u59cb\u3081 \u201eMit dem Treffen beginnt der Abschied\u201c. &nbsp; \u201eWir wollen stark sein, wir sind es aber nicht \u2013 die Natur ist viel st\u00e4rker\u201c Zenon Kokowski, Aikido Journal No 60DE Am Abend des 19. Februar 2026 hat unser Sensei, Zenon Kokowski, seinen Kampf gegen seine schwere Krankheit verloren. Er [&hellip;]<\/p>\n","protected":false},"author":1,"featured_media":0,"parent":4,"menu_order":3,"comment_status":"closed","ping_status":"closed","template":"","meta":{"footnotes":""},"class_list":["post-116","page","type-page","status-publish","hentry","post"],"_links":{"self":[{"href":"https:\/\/shingitaidojo.de\/index.php?rest_route=\/wp\/v2\/pages\/116","targetHints":{"allow":["GET"]}}],"collection":[{"href":"https:\/\/shingitaidojo.de\/index.php?rest_route=\/wp\/v2\/pages"}],"about":[{"href":"https:\/\/shingitaidojo.de\/index.php?rest_route=\/wp\/v2\/types\/page"}],"author":[{"embeddable":true,"href":"https:\/\/shingitaidojo.de\/index.php?rest_route=\/wp\/v2\/users\/1"}],"replies":[{"embeddable":true,"href":"https:\/\/shingitaidojo.de\/index.php?rest_route=%2Fwp%2Fv2%2Fcomments&post=116"}],"version-history":[{"count":8,"href":"https:\/\/shingitaidojo.de\/index.php?rest_route=\/wp\/v2\/pages\/116\/revisions"}],"predecessor-version":[{"id":402,"href":"https:\/\/shingitaidojo.de\/index.php?rest_route=\/wp\/v2\/pages\/116\/revisions\/402"}],"up":[{"embeddable":true,"href":"https:\/\/shingitaidojo.de\/index.php?rest_route=\/wp\/v2\/pages\/4"}],"wp:attachment":[{"href":"https:\/\/shingitaidojo.de\/index.php?rest_route=%2Fwp%2Fv2%2Fmedia&parent=116"}],"curies":[{"name":"wp","href":"https:\/\/api.w.org\/{rel}","templated":true}]}}