{"id":114,"date":"2023-01-16T11:25:49","date_gmt":"2023-01-16T10:25:49","guid":{"rendered":"https:\/\/shingitaidojo.de\/?page_id=114"},"modified":"2026-03-30T15:43:35","modified_gmt":"2026-03-30T14:43:35","slug":"tamura-nobuyoshi-shihan","status":"publish","type":"page","link":"https:\/\/shingitaidojo.de\/?page_id=114","title":{"rendered":"Tamura Nobuyoshi, Shihan"},"content":{"rendered":"<div id=\"pl-114\"  class=\"panel-layout\" ><div id=\"pg-114-0\"  class=\"panel-grid panel-no-style\" ><div id=\"pgc-114-0-0\"  class=\"panel-grid-cell panel-grid-cell-empty\" ><\/div><div id=\"pgc-114-0-1\"  class=\"panel-grid-cell\" ><div id=\"panel-114-0-1-0\" class=\"so-panel widget widget_text panel-first-child panel-last-child\" data-index=\"0\" >\t\t\t<div class=\"textwidget\"><p><strong>Tamura<\/strong>\u00a0<strong>Nobuyoshi<\/strong>\u00a0wurde am 2.M\u00e4rz 1933 in Osaka geboren. Er begann schon in jungen Jahren mit der Aus\u00fcbung der Kampfk\u00fcnste Judo und Kendo, sp\u00e4ter dann parallel auch noch Aikido. Ungef\u00e4hr ab dem Jahr 1953\/54 lebte und \u00fcbte er als Uchi-deshi im Hombu-dojo. Er wurde bald einer der Lieblingssch\u00fcler von\u00a0<a href=\"http:\/\/en.wikipedia.org\/wiki\/Morihei_Ueshiba\" target=\"_blank\" rel=\"noreferrer noopener\">Morihei Ueshiba<\/a>\u00a0und ist in vielen Bild- und Filmdokumenten als Uke von Morihei Ueshiba zu sehen. Im Jahr 1964 kam Nobuyoshi Tamura nach Frankreich wo er bis heute lebt und wirkt. Er unterst\u00fctzte Tadashi Abe, den damaligen offiziellen Repr\u00e4sentanten des Aikikai-Tokio f\u00fcr Europa, dessen Amt er sp\u00e4ter weiterf\u00fchrte.<\/p>\n<p>Tamura Sensei besitzt kein eigenes Dojo. Er unterrichtet im Shumeikan Dojo ( Bras, Departement Var, Frankreich) seines Verbandes, der FFAB (F\u00e9d\u00e9ration Francaise d\u00b4 Aikido et de Budo). Nobuyoshi Tamura ist Tr\u00e4ger des 8.Dans, Shihan des\u00a0<a href=\"http:\/\/www.aikikai.or.jp\/eng\/index.htm\" target=\"_blank\" rel=\"noreferrer noopener\">Aikikai<\/a>\u00a0und Beauftragter f\u00fcr Europa, Nationaler technischer Direktor (Directeur technique national (DTN)) der FFAB, Ehrenb\u00fcrger der Stadt Lesneven (wo er jedes Jahr eine Wochenlehrgang gibt) und Tr\u00e4ger des Ordens \u201eChevalier de l\u2019ordre National du M\u00e9rite\u201c, den er von der franz\u00f6sischen Regierung im Jahr 1999 erhielt. Er schrieb verschiedene B\u00fccher, die leider nicht (mehr) in deutscher Sprache erh\u00e4ltlich sind. Tamura Sensei starb am 9. Juli 2010.<\/p>\n<p><a href=\"http:\/\/www.aikidoinfo.de\/aikido\/index.php?id=107\" target=\"_blank\" rel=\"noreferrer noopener\">Quelle \u00bb<\/a><\/p>\n<\/div>\n\t\t<\/div><\/div><\/div><\/div>","protected":false},"excerpt":{"rendered":"<p>Tamura\u00a0Nobuyoshi\u00a0wurde am 2.M\u00e4rz 1933 in Osaka geboren. Er begann schon in jungen Jahren mit der Aus\u00fcbung der Kampfk\u00fcnste Judo und Kendo, sp\u00e4ter dann parallel auch noch Aikido. Ungef\u00e4hr ab dem Jahr 1953\/54 lebte und \u00fcbte er als Uchi-deshi im Hombu-dojo. Er wurde bald einer der Lieblingssch\u00fcler von\u00a0Morihei Ueshiba\u00a0und ist in vielen Bild- und Filmdokumenten als [&hellip;]<\/p>\n","protected":false},"author":1,"featured_media":0,"parent":4,"menu_order":2,"comment_status":"closed","ping_status":"closed","template":"","meta":{"footnotes":""},"class_list":["post-114","page","type-page","status-publish","hentry","post"],"_links":{"self":[{"href":"https:\/\/shingitaidojo.de\/index.php?rest_route=\/wp\/v2\/pages\/114","targetHints":{"allow":["GET"]}}],"collection":[{"href":"https:\/\/shingitaidojo.de\/index.php?rest_route=\/wp\/v2\/pages"}],"about":[{"href":"https:\/\/shingitaidojo.de\/index.php?rest_route=\/wp\/v2\/types\/page"}],"author":[{"embeddable":true,"href":"https:\/\/shingitaidojo.de\/index.php?rest_route=\/wp\/v2\/users\/1"}],"replies":[{"embeddable":true,"href":"https:\/\/shingitaidojo.de\/index.php?rest_route=%2Fwp%2Fv2%2Fcomments&post=114"}],"version-history":[{"count":3,"href":"https:\/\/shingitaidojo.de\/index.php?rest_route=\/wp\/v2\/pages\/114\/revisions"}],"predecessor-version":[{"id":379,"href":"https:\/\/shingitaidojo.de\/index.php?rest_route=\/wp\/v2\/pages\/114\/revisions\/379"}],"up":[{"embeddable":true,"href":"https:\/\/shingitaidojo.de\/index.php?rest_route=\/wp\/v2\/pages\/4"}],"wp:attachment":[{"href":"https:\/\/shingitaidojo.de\/index.php?rest_route=%2Fwp%2Fv2%2Fmedia&parent=114"}],"curies":[{"name":"wp","href":"https:\/\/api.w.org\/{rel}","templated":true}]}}